{"id":4055,"date":"2021-10-06T14:21:37","date_gmt":"2021-10-06T12:21:37","guid":{"rendered":"https:\/\/data.deteringmedia.de\/?page_id=4055"},"modified":"2023-05-17T18:26:26","modified_gmt":"2023-05-17T16:26:26","slug":"jobs","status":"publish","type":"page","link":"https:\/\/data.deteringmedia.de\/en\/jobs\/","title":{"rendered":"JOBS"},"content":{"rendered":"<p>[vc_row full_width=&#8221;stretch_row&#8221;][vc_column]\n\t\t\t<section class=\"text-center switchable switchable--switch imagebg height-50\" data-overlay=\"1\" >\n\t\t\t    <div class=\"background-image-holder\"><img loading=\"lazy\" decoding=\"async\" width=\"2000\" height=\"1200\" src=\"https:\/\/data.deteringmedia.de\/wp-content\/uploads\/2020\/07\/260520_Korntec_DSC_1753.jpg\" class=\"attachment-full size-full\" alt=\"\" srcset=\"https:\/\/data.deteringmedia.de\/wp-content\/uploads\/2020\/07\/260520_Korntec_DSC_1753.jpg 2000w, https:\/\/data.deteringmedia.de\/wp-content\/uploads\/2020\/07\/260520_Korntec_DSC_1753-300x180.jpg 300w, https:\/\/data.deteringmedia.de\/wp-content\/uploads\/2020\/07\/260520_Korntec_DSC_1753-1024x614.jpg 1024w, https:\/\/data.deteringmedia.de\/wp-content\/uploads\/2020\/07\/260520_Korntec_DSC_1753-768x461.jpg 768w, https:\/\/data.deteringmedia.de\/wp-content\/uploads\/2020\/07\/260520_Korntec_DSC_1753-1536x922.jpg 1536w\" sizes=\"(max-width: 2000px) 100vw, 2000px\" \/><\/div>\n\t\t\t    <div class=\"container pos-vertical-center\">\n\t\t\t        <div class=\"row\">\n\t\t\t            <div class=\"col-sm-6\"><\/div>\n\t\t\t        <\/div><!--end of row-->\n\t\t\t    <\/div><!--end of container-->\n\t\t\t    \n\t\t\t<\/section>\n\t\t[\/vc_column][\/vc_row][vc_section][vc_row][vc_column][vc_empty_space][vc_column_text]<\/p>\n<h1 class=\"color--primary\" style=\"text-align: left;\"><strong>JOBS<\/strong><\/h1>\n<p>[\/vc_column_text][vc_empty_space][vc_column_text]<\/p>\n<h3 style=\"text-align: left;\"><span style=\"color: #666666;\">Are you in the mood for a new challenge and can you really help? Very good, then you have come to the right place in the KORNTEC<sup>\u00ae <\/sup>team. You can find our current vacancies here. We look forward to receiving your application.<br \/>\n<\/span><\/h3>\n<p>[\/vc_column_text][vc_empty_space]<div class=\"\"><div class=\"row\">\n    <div class=\"masonry\">\n        \n        \n<div class=\"masonry-filter-container text-center\">\n    <span>Category:<\/span>\n    <div class=\"masonry-filter-holder\">\n        <div class=\"masonry__filters\" data-filter-all-text=\"All Categories\"><\/div>\n    <\/div>\n<\/div><!--end masonry filters-->\n\n<hr \/>        \n        <div class=\"masonry__container\">\n        \t<div class=\"masonry__item col-sm-6 col-xs-12\" data-masonry-filter=\"Jobs\">\n    <div class=\"project-thumb hover-element border--round\">\n        <a href=\"https:\/\/data.deteringmedia.de\/en\/portfolio\/wir-suchen-zum-naechstmoeglichen-termin-einen-meister-elektrotechnik-m-w-d\/\">\n        \n            <div class=\"hover-element__initial\">\n                <div class=\"background-image-holder\">\n                    <img loading=\"lazy\" decoding=\"async\" width=\"1500\" height=\"843\" src=\"https:\/\/data.deteringmedia.de\/wp-content\/uploads\/2022\/03\/KORNTEC_JOBS_Elektromeister_2.jpg\" class=\"attachment-full size-full wp-post-image\" alt=\"\" srcset=\"https:\/\/data.deteringmedia.de\/wp-content\/uploads\/2022\/03\/KORNTEC_JOBS_Elektromeister_2.jpg 1500w, https:\/\/data.deteringmedia.de\/wp-content\/uploads\/2022\/03\/KORNTEC_JOBS_Elektromeister_2-300x169.jpg 300w, https:\/\/data.deteringmedia.de\/wp-content\/uploads\/2022\/03\/KORNTEC_JOBS_Elektromeister_2-1024x575.jpg 1024w, https:\/\/data.deteringmedia.de\/wp-content\/uploads\/2022\/03\/KORNTEC_JOBS_Elektromeister_2-300x169@2x.jpg 600w\" sizes=\"(max-width: 1500px) 100vw, 1500px\" \/>                <\/div>\n            <\/div>\n            \n            <div class=\"hover-element__reveal\" data-scrim-top=\"5\">\n                <div class=\"project-thumb__title\">\n                    <h4>Wir suchen zum n\u00e4chstm\u00f6glichen Termin einen MEISTER ELEKTROTECHNIK (m\/w\/d)<\/h4><span>Jobs<\/span>                <\/div>\n            <\/div>\n            \n        <\/a>\n    <\/div>\n<\/div><!--end item--><div class=\"masonry__item col-sm-6 col-xs-12\" data-masonry-filter=\"Jobs\">\n    <div class=\"project-thumb hover-element border--round\">\n        <a href=\"https:\/\/data.deteringmedia.de\/en\/portfolio\/wir-suchen-zum-naechstmoeglichen-termin-einen-projektmanager-foerdertechnik-und-anlagenbau-m-w-d\/\">\n        \n            <div class=\"hover-element__initial\">\n                <div class=\"background-image-holder\">\n                    <img loading=\"lazy\" decoding=\"async\" width=\"1500\" height=\"843\" src=\"https:\/\/data.deteringmedia.de\/wp-content\/uploads\/2022\/03\/KORNTEC_JOBS_PROJEKTMANAGER-FO\u0308RDERTECHNIK-UND-ANLAGENBAU_1.jpg\" class=\"attachment-full size-full wp-post-image\" alt=\"\" srcset=\"https:\/\/data.deteringmedia.de\/wp-content\/uploads\/2022\/03\/KORNTEC_JOBS_PROJEKTMANAGER-FO\u0308RDERTECHNIK-UND-ANLAGENBAU_1.jpg 1500w, https:\/\/data.deteringmedia.de\/wp-content\/uploads\/2022\/03\/KORNTEC_JOBS_PROJEKTMANAGER-FO\u0308RDERTECHNIK-UND-ANLAGENBAU_1-300x169.jpg 300w, https:\/\/data.deteringmedia.de\/wp-content\/uploads\/2022\/03\/KORNTEC_JOBS_PROJEKTMANAGER-FO\u0308RDERTECHNIK-UND-ANLAGENBAU_1-1024x575.jpg 1024w, https:\/\/data.deteringmedia.de\/wp-content\/uploads\/2022\/03\/KORNTEC_JOBS_PROJEKTMANAGER-FO\u0308RDERTECHNIK-UND-ANLAGENBAU_1-300x169@2x.jpg 600w\" sizes=\"(max-width: 1500px) 100vw, 1500px\" \/>                <\/div>\n            <\/div>\n            \n            <div class=\"hover-element__reveal\" data-scrim-top=\"5\">\n                <div class=\"project-thumb__title\">\n                    <h4>Wir suchen zum n\u00e4chstm\u00f6glichen Termin einen PROJEKTMANAGER F\u00d6RDERTECHNIK UND ANLAGENBAU (M\/W\/D)<\/h4><span>Jobs<\/span>                <\/div>\n            <\/div>\n            \n        <\/a>\n    <\/div>\n<\/div><!--end item--><div class=\"masonry__item col-sm-6 col-xs-12\" data-masonry-filter=\"Jobs\">\n    <div class=\"project-thumb hover-element border--round\">\n        <a href=\"https:\/\/data.deteringmedia.de\/en\/portfolio\/wir-suchen-zum-naechstmoeglichen-termin-einen-technischen-zeichner-konstrukteur-maschinenbautechniker-m-w-d\/\">\n        \n            <div class=\"hover-element__initial\">\n                <div class=\"background-image-holder\">\n                    <img loading=\"lazy\" decoding=\"async\" width=\"1500\" height=\"843\" src=\"https:\/\/data.deteringmedia.de\/wp-content\/uploads\/2021\/03\/TECHNISCHER-ZEICHNERKONSTRUKTEUR-MASCHINENBAUTECHNIKER-MWD.jpg\" class=\"attachment-full size-full wp-post-image\" alt=\"\" srcset=\"https:\/\/data.deteringmedia.de\/wp-content\/uploads\/2021\/03\/TECHNISCHER-ZEICHNERKONSTRUKTEUR-MASCHINENBAUTECHNIKER-MWD.jpg 1500w, https:\/\/data.deteringmedia.de\/wp-content\/uploads\/2021\/03\/TECHNISCHER-ZEICHNERKONSTRUKTEUR-MASCHINENBAUTECHNIKER-MWD-300x169.jpg 300w, https:\/\/data.deteringmedia.de\/wp-content\/uploads\/2021\/03\/TECHNISCHER-ZEICHNERKONSTRUKTEUR-MASCHINENBAUTECHNIKER-MWD-1024x575.jpg 1024w, https:\/\/data.deteringmedia.de\/wp-content\/uploads\/2021\/03\/TECHNISCHER-ZEICHNERKONSTRUKTEUR-MASCHINENBAUTECHNIKER-MWD-300x169@2x.jpg 600w\" sizes=\"(max-width: 1500px) 100vw, 1500px\" \/>                <\/div>\n            <\/div>\n            \n            <div class=\"hover-element__reveal\" data-scrim-top=\"5\">\n                <div class=\"project-thumb__title\">\n                    <h4>Wir suchen zum n\u00e4chstm\u00f6glichen Termin einen TECHNISCHEN ZEICHNER \/ KONSTRUKTEUR \/ MASCHINENBAUTECHNIKER (M\/W\/D)<\/h4><span>Jobs<\/span>                <\/div>\n            <\/div>\n            \n        <\/a>\n    <\/div>\n<\/div><!--end item--><div class=\"masonry__item col-sm-6 col-xs-12\" data-masonry-filter=\"Jobs\">\n    <div class=\"project-thumb hover-element border--round\">\n        <a href=\"https:\/\/data.deteringmedia.de\/en\/portfolio\/wir-suchen-zum-naechstmoeglichen-termin-einen-montageleiter-m-w-d\/\">\n        \n            <div class=\"hover-element__initial\">\n                <div class=\"background-image-holder\">\n                    <img loading=\"lazy\" decoding=\"async\" width=\"1500\" height=\"843\" src=\"https:\/\/data.deteringmedia.de\/wp-content\/uploads\/2022\/03\/KORNTEC_JOBS_MONTAGELEITER-MWD.jpg\" class=\"attachment-full size-full wp-post-image\" alt=\"\" srcset=\"https:\/\/data.deteringmedia.de\/wp-content\/uploads\/2022\/03\/KORNTEC_JOBS_MONTAGELEITER-MWD.jpg 1500w, https:\/\/data.deteringmedia.de\/wp-content\/uploads\/2022\/03\/KORNTEC_JOBS_MONTAGELEITER-MWD-300x169.jpg 300w, https:\/\/data.deteringmedia.de\/wp-content\/uploads\/2022\/03\/KORNTEC_JOBS_MONTAGELEITER-MWD-1024x575.jpg 1024w, https:\/\/data.deteringmedia.de\/wp-content\/uploads\/2022\/03\/KORNTEC_JOBS_MONTAGELEITER-MWD-300x169@2x.jpg 600w\" sizes=\"(max-width: 1500px) 100vw, 1500px\" \/>                <\/div>\n            <\/div>\n            \n            <div class=\"hover-element__reveal\" data-scrim-top=\"5\">\n                <div class=\"project-thumb__title\">\n                    <h4>Wir suchen zum n\u00e4chstm\u00f6glichen Termin einen MONTAGELEITER (m\/w\/d)<\/h4><span>Jobs<\/span>                <\/div>\n            <\/div>\n            \n        <\/a>\n    <\/div>\n<\/div><!--end item-->        <\/div><!--end of masonry container-->\n        \n    <\/div><!--end masonry-->\n<\/div><!--end of row--><\/div>[\/vc_column][\/vc_row][\/vc_section]<\/p>\n","protected":false},"excerpt":{"rendered":"<p>[vc_row full_width=&#8221;stretch_row&#8221;][vc_column][\/vc_column][\/vc_row][vc_section][vc_row][vc_column][vc_empty_space][vc_column_text] JOBS [\/vc_column_text][vc_empty_space][vc_column_text] Are you in the mood for a new challenge and can you really help? Very good, then you&#8230;<\/p>\n","protected":false},"author":1,"featured_media":0,"parent":0,"menu_order":15,"comment_status":"closed","ping_status":"closed","template":"","meta":{"footnotes":""},"class_list":["post-4055","page","type-page","status-publish","hentry"],"_links":{"self":[{"href":"https:\/\/data.deteringmedia.de\/en\/wp-json\/wp\/v2\/pages\/4055"}],"collection":[{"href":"https:\/\/data.deteringmedia.de\/en\/wp-json\/wp\/v2\/pages"}],"about":[{"href":"https:\/\/data.deteringmedia.de\/en\/wp-json\/wp\/v2\/types\/page"}],"author":[{"embeddable":true,"href":"https:\/\/data.deteringmedia.de\/en\/wp-json\/wp\/v2\/users\/1"}],"replies":[{"embeddable":true,"href":"https:\/\/data.deteringmedia.de\/en\/wp-json\/wp\/v2\/comments?post=4055"}],"version-history":[{"count":0,"href":"https:\/\/data.deteringmedia.de\/en\/wp-json\/wp\/v2\/pages\/4055\/revisions"}],"wp:attachment":[{"href":"https:\/\/data.deteringmedia.de\/en\/wp-json\/wp\/v2\/media?parent=4055"}],"curies":[{"name":"wp","href":"https:\/\/api.w.org\/{rel}","templated":true}]}}